{"id":611,"date":"2024-09-12T17:26:16","date_gmt":"2024-09-12T17:26:16","guid":{"rendered":"https:\/\/medellintour.com.co\/?page_id=611"},"modified":"2024-11-20T22:57:37","modified_gmt":"2024-11-21T03:57:37","slug":"nosotros","status":"publish","type":"page","link":"https:\/\/medellintour.com.co\/en\/nosotros\/","title":{"rendered":"Us"},"content":{"rendered":"","protected":false},"excerpt":{"rendered":"","protected":false},"author":1,"featured_media":0,"parent":0,"menu_order":0,"comment_status":"closed","ping_status":"closed","template":"","meta":{"slim_seo":{"title":"Nosotros - medellin tour","description":"Sobre nosotros Nos enorgullece ser la opci\u00f3n preferida para quienes buscan una aventura que vaya m\u00e1s all\u00e1 de lo t\u00edpico, brindando no solo recorridos, sino recue"},"footnotes":""},"class_list":["post-611","page","type-page","status-publish","hentry"],"_links":{"self":[{"href":"https:\/\/medellintour.com.co\/en\/wp-json\/wp\/v2\/pages\/611","targetHints":{"allow":["GET"]}}],"collection":[{"href":"https:\/\/medellintour.com.co\/en\/wp-json\/wp\/v2\/pages"}],"about":[{"href":"https:\/\/medellintour.com.co\/en\/wp-json\/wp\/v2\/types\/page"}],"author":[{"embeddable":true,"href":"https:\/\/medellintour.com.co\/en\/wp-json\/wp\/v2\/users\/1"}],"replies":[{"embeddable":true,"href":"https:\/\/medellintour.com.co\/en\/wp-json\/wp\/v2\/comments?post=611"}],"version-history":[{"count":6,"href":"https:\/\/medellintour.com.co\/en\/wp-json\/wp\/v2\/pages\/611\/revisions"}],"predecessor-version":[{"id":2384,"href":"https:\/\/medellintour.com.co\/en\/wp-json\/wp\/v2\/pages\/611\/revisions\/2384"}],"wp:attachment":[{"href":"https:\/\/medellintour.com.co\/en\/wp-json\/wp\/v2\/media?parent=611"}],"curies":[{"name":"wp","href":"https:\/\/api.w.org\/{rel}","templated":true}]}}