{"id":617,"date":"2024-09-12T17:27:03","date_gmt":"2024-09-12T17:27:03","guid":{"rendered":"https:\/\/medellintour.com.co\/?page_id=617"},"modified":"2025-02-27T18:09:58","modified_gmt":"2025-02-27T23:09:58","slug":"contacto","status":"publish","type":"page","link":"https:\/\/medellintour.com.co\/en\/contacto\/","title":{"rendered":"Contact"},"content":{"rendered":"","protected":false},"excerpt":{"rendered":"","protected":false},"author":1,"featured_media":0,"parent":0,"menu_order":0,"comment_status":"closed","ping_status":"closed","template":"","meta":{"slim_seo":{"title":"Contacto - medellin tour","description":"Contactanos Estamos aqu\u00ed para hacer que tu experiencia en Medell\u00edn sea inolvidable. Escr\u00edbenos y juntos organizaremos tu pr\u00f3xima aventura. p\u00f3ngase en contacto E"},"footnotes":""},"class_list":["post-617","page","type-page","status-publish","hentry"],"_links":{"self":[{"href":"https:\/\/medellintour.com.co\/en\/wp-json\/wp\/v2\/pages\/617","targetHints":{"allow":["GET"]}}],"collection":[{"href":"https:\/\/medellintour.com.co\/en\/wp-json\/wp\/v2\/pages"}],"about":[{"href":"https:\/\/medellintour.com.co\/en\/wp-json\/wp\/v2\/types\/page"}],"author":[{"embeddable":true,"href":"https:\/\/medellintour.com.co\/en\/wp-json\/wp\/v2\/users\/1"}],"replies":[{"embeddable":true,"href":"https:\/\/medellintour.com.co\/en\/wp-json\/wp\/v2\/comments?post=617"}],"version-history":[{"count":12,"href":"https:\/\/medellintour.com.co\/en\/wp-json\/wp\/v2\/pages\/617\/revisions"}],"predecessor-version":[{"id":2530,"href":"https:\/\/medellintour.com.co\/en\/wp-json\/wp\/v2\/pages\/617\/revisions\/2530"}],"wp:attachment":[{"href":"https:\/\/medellintour.com.co\/en\/wp-json\/wp\/v2\/media?parent=617"}],"curies":[{"name":"wp","href":"https:\/\/api.w.org\/{rel}","templated":true}]}}