{"id":1043,"date":"2024-09-17T21:22:42","date_gmt":"2024-09-17T21:22:42","guid":{"rendered":"https:\/\/medellintour.com.co\/?post_type=product&#038;p=1043"},"modified":"2026-04-17T15:16:37","modified_gmt":"2026-04-17T20:16:37","slug":"graffiti-tour","status":"publish","type":"product","link":"https:\/\/medellintour.com.co\/en\/product\/graffiti-tour\/","title":{"rendered":"grafiti tour"},"content":{"rendered":"","protected":false},"excerpt":{"rendered":"<p>Discover the vibrant culture of the city through a fascinating tour of the famous <strong>Graffiti Tour in Comuna 13<\/strong>. Este tour te llevar\u00e1 por las calles llenas de color y vida, donde los murales cuentan historias de transformaci\u00f3n, resistencia y esperanza. Acompa\u00f1ado por un gu\u00eda local, conocer\u00e1s de cerca el significado detr\u00e1s de cada obra de arte y c\u00f3mo el grafiti ha jugado un papel clave en la renovaci\u00f3n de este emblem\u00e1tico barrio.<\/p>","protected":false},"featured_media":2407,"comment_status":"open","ping_status":"closed","template":"","meta":{"slim_seo":{"title":"grafiti tour - medellin tour","description":"Descubre la vibrante cultura de la ciudad a trav\u00e9s de un fascinante recorrido por el famoso Graffiti Tour en la Comuna 13 . Este tour te llevar\u00e1 por las calles"}},"product_brand":[],"product_cat":[15],"product_tag":[],"class_list":{"0":"post-1043","1":"product","2":"type-product","3":"status-publish","4":"has-post-thumbnail","6":"product_cat-sin-categorizar","8":"first","9":"instock","10":"taxable","11":"shipping-taxable","12":"purchasable","13":"product-type-simple"},"_links":{"self":[{"href":"https:\/\/medellintour.com.co\/en\/wp-json\/wp\/v2\/product\/1043","targetHints":{"allow":["GET"]}}],"collection":[{"href":"https:\/\/medellintour.com.co\/en\/wp-json\/wp\/v2\/product"}],"about":[{"href":"https:\/\/medellintour.com.co\/en\/wp-json\/wp\/v2\/types\/product"}],"replies":[{"embeddable":true,"href":"https:\/\/medellintour.com.co\/en\/wp-json\/wp\/v2\/comments?post=1043"}],"wp:featuredmedia":[{"embeddable":true,"href":"https:\/\/medellintour.com.co\/en\/wp-json\/wp\/v2\/media\/2407"}],"wp:attachment":[{"href":"https:\/\/medellintour.com.co\/en\/wp-json\/wp\/v2\/media?parent=1043"}],"wp:term":[{"taxonomy":"product_brand","embeddable":true,"href":"https:\/\/medellintour.com.co\/en\/wp-json\/wp\/v2\/product_brand?post=1043"},{"taxonomy":"product_cat","embeddable":true,"href":"https:\/\/medellintour.com.co\/en\/wp-json\/wp\/v2\/product_cat?post=1043"},{"taxonomy":"product_tag","embeddable":true,"href":"https:\/\/medellintour.com.co\/en\/wp-json\/wp\/v2\/product_tag?post=1043"}],"curies":[{"name":"wp","href":"https:\/\/api.w.org\/{rel}","templated":true}]}}