{"id":1512,"date":"2024-09-20T20:10:52","date_gmt":"2024-09-20T20:10:52","guid":{"rendered":"https:\/\/medellintour.com.co\/?post_type=product&#038;p=1512"},"modified":"2026-04-17T13:18:05","modified_gmt":"2026-04-17T18:18:05","slug":"boteros-savare-town-center-y-art-gallery","status":"publish","type":"product","link":"https:\/\/medellintour.com.co\/en\/product\/boteros-savare-town-center-y-art-gallery\/","title":{"rendered":"Plaza Botero, Centro de Medell\u00edn y Galer\u00eda de Arte"},"content":{"rendered":"<p>Immerse yourself in the art, and culture with this exclusive tour takes you to discover the best corners of Medellin. We begin in <strong>Boaters Savare<\/strong>a gallery boutique dedicated to the work of the famous colombian artist Fernando Botero, famous for his sculptures and paintings bulky. Below, we will explore the <strong>Town Center<\/strong>, una vibrante zona comercial llena de tiendas locales, caf\u00e9s y restaurantes. Finalizaremos en una <strong>galer\u00eda de arte<\/strong> contempor\u00e1neo, donde podr\u00e1s admirar el trabajo de artistas locales emergentes, capturando el esp\u00edritu creativo de Medell\u00edn. Este tour es ideal para amantes del arte y quienes desean conocer el lado m\u00e1s cultural de la ciudad.<\/p>","protected":false},"excerpt":{"rendered":"<p>Sum\u00e9rgete en el arte y la cultura con este exclusivo tour que te lleva a descubrir los mejores rincones de Medell\u00edn. Comenzamos en Boteros Savare, una galer\u00eda boutique dedicada a la obra del c\u00e9lebre artista colombiano Fernando Botero, famosa por sus esculturas y pinturas voluminosas. A continuaci\u00f3n, exploraremos el Town Center, una vibrante zona comercial [&hellip;]<\/p>","protected":false},"featured_media":2389,"comment_status":"open","ping_status":"closed","template":"","meta":{"slim_seo":{"title":"Plaza Botero, Centro de Medell\u00edn y Galer\u00eda de Arte - medellin tour","description":"Sum\u00e9rgete en el arte y la cultura con este exclusivo tour que te lleva a descubrir los mejores rincones de Medell\u00edn. Comenzamos en Boteros Savare , una galer\u00eda"}},"product_brand":[],"product_cat":[15],"product_tag":[],"class_list":{"0":"post-1512","1":"product","2":"type-product","3":"status-publish","4":"has-post-thumbnail","6":"product_cat-sin-categorizar","8":"first","9":"instock","10":"taxable","11":"shipping-taxable","12":"purchasable","13":"product-type-simple"},"_links":{"self":[{"href":"https:\/\/medellintour.com.co\/en\/wp-json\/wp\/v2\/product\/1512","targetHints":{"allow":["GET"]}}],"collection":[{"href":"https:\/\/medellintour.com.co\/en\/wp-json\/wp\/v2\/product"}],"about":[{"href":"https:\/\/medellintour.com.co\/en\/wp-json\/wp\/v2\/types\/product"}],"replies":[{"embeddable":true,"href":"https:\/\/medellintour.com.co\/en\/wp-json\/wp\/v2\/comments?post=1512"}],"wp:featuredmedia":[{"embeddable":true,"href":"https:\/\/medellintour.com.co\/en\/wp-json\/wp\/v2\/media\/2389"}],"wp:attachment":[{"href":"https:\/\/medellintour.com.co\/en\/wp-json\/wp\/v2\/media?parent=1512"}],"wp:term":[{"taxonomy":"product_brand","embeddable":true,"href":"https:\/\/medellintour.com.co\/en\/wp-json\/wp\/v2\/product_brand?post=1512"},{"taxonomy":"product_cat","embeddable":true,"href":"https:\/\/medellintour.com.co\/en\/wp-json\/wp\/v2\/product_cat?post=1512"},{"taxonomy":"product_tag","embeddable":true,"href":"https:\/\/medellintour.com.co\/en\/wp-json\/wp\/v2\/product_tag?post=1512"}],"curies":[{"name":"wp","href":"https:\/\/api.w.org\/{rel}","templated":true}]}}