{"id":1513,"date":"2024-09-20T20:11:16","date_gmt":"2024-09-20T20:11:16","guid":{"rendered":"https:\/\/medellintour.com.co\/?post_type=product&#038;p=1513"},"modified":"2026-04-17T15:16:02","modified_gmt":"2026-04-17T20:16:02","slug":"guatape-la-piedra-del-penol","status":"publish","type":"product","link":"https:\/\/medellintour.com.co\/en\/product\/guatape-la-piedra-del-penol\/","title":{"rendered":"guatape, the piedra del pe\u00f1ol"},"content":{"rendered":"<p>Explore one of the most emblematic of Antioquia with this incredible tour <strong>Guatape<\/strong> and the monumental <strong>Piedra del Pe\u00f1ol<\/strong>. Sube los 740 escalones de la famosa roca y disfruta de vistas espectaculares del embalse de Guatap\u00e9, un paisaje de islas verdes y agua azul cristalina que te dejar\u00e1 sin aliento. Despu\u00e9s, visita el colorido pueblo de Guatap\u00e9, famoso por sus vibrantes \u00abz\u00f3calos\u00bb y su arquitectura colonial. Este tour es perfecto para quienes buscan combinar aventura, naturaleza y cultura en un solo d\u00eda.<\/p>","protected":false},"excerpt":{"rendered":"<p>Explora uno de los destinos m\u00e1s emblem\u00e1ticos de Antioquia con este incre\u00edble tour a Guatap\u00e9 y la monumental Piedra del Pe\u00f1ol. Sube los 740 escalones de la famosa roca y disfruta de vistas espectaculares del embalse de Guatap\u00e9, un paisaje de islas verdes y agua azul cristalina que te dejar\u00e1 sin aliento. Despu\u00e9s, visita el [&hellip;]<\/p>","protected":false},"featured_media":2406,"comment_status":"open","ping_status":"closed","template":"","meta":{"slim_seo":{"title":"guatape, la piedra del pe\u00f1ol - medellin tour","description":"Explora uno de los destinos m\u00e1s emblem\u00e1ticos de Antioquia con este incre\u00edble tour a Guatap\u00e9 y la monumental Piedra del Pe\u00f1ol . Sube los 740 escalones de la famo"}},"product_brand":[],"product_cat":[15],"product_tag":[],"class_list":{"0":"post-1513","1":"product","2":"type-product","3":"status-publish","4":"has-post-thumbnail","6":"product_cat-sin-categorizar","8":"first","9":"instock","10":"taxable","11":"shipping-taxable","12":"purchasable","13":"product-type-simple"},"_links":{"self":[{"href":"https:\/\/medellintour.com.co\/en\/wp-json\/wp\/v2\/product\/1513","targetHints":{"allow":["GET"]}}],"collection":[{"href":"https:\/\/medellintour.com.co\/en\/wp-json\/wp\/v2\/product"}],"about":[{"href":"https:\/\/medellintour.com.co\/en\/wp-json\/wp\/v2\/types\/product"}],"replies":[{"embeddable":true,"href":"https:\/\/medellintour.com.co\/en\/wp-json\/wp\/v2\/comments?post=1513"}],"wp:featuredmedia":[{"embeddable":true,"href":"https:\/\/medellintour.com.co\/en\/wp-json\/wp\/v2\/media\/2406"}],"wp:attachment":[{"href":"https:\/\/medellintour.com.co\/en\/wp-json\/wp\/v2\/media?parent=1513"}],"wp:term":[{"taxonomy":"product_brand","embeddable":true,"href":"https:\/\/medellintour.com.co\/en\/wp-json\/wp\/v2\/product_brand?post=1513"},{"taxonomy":"product_cat","embeddable":true,"href":"https:\/\/medellintour.com.co\/en\/wp-json\/wp\/v2\/product_cat?post=1513"},{"taxonomy":"product_tag","embeddable":true,"href":"https:\/\/medellintour.com.co\/en\/wp-json\/wp\/v2\/product_tag?post=1513"}],"curies":[{"name":"wp","href":"https:\/\/api.w.org\/{rel}","templated":true}]}}