{"id":1516,"date":"2024-09-20T20:12:20","date_gmt":"2024-09-20T20:12:20","guid":{"rendered":"https:\/\/medellintour.com.co\/?post_type=product&#038;p=1516"},"modified":"2026-04-17T13:19:56","modified_gmt":"2026-04-17T18:19:56","slug":"parque-arvi","status":"publish","type":"product","link":"https:\/\/medellintour.com.co\/en\/product\/parque-arvi\/","title":{"rendered":"parque arvi"},"content":{"rendered":"<p>Immerse yourself in the nature and tranquility of the <strong>Parque Arv\u00ed<\/strong>, una reserva ecol\u00f3gica ubicada en las monta\u00f1as que rodean Medell\u00edn. Este parque, conocido por sus senderos llenos de flora y fauna aut\u00f3ctona, es el lugar perfecto para una escapada al aire libre. Disfruta de una caminata relajante por bosques nublados, cruza riachuelos cristalinos y descubre la biodiversidad de la regi\u00f3n. Adem\u00e1s, experimentar\u00e1s la subida en el famoso <strong>Metrocable<\/strong>, disfrutando de vistas panor\u00e1micas espectaculares de la ciudad. Ideal para los amantes de la naturaleza, la fotograf\u00eda y el aire puro.<\/p>","protected":false},"excerpt":{"rendered":"<p>Sum\u00e9rgete en la naturaleza y la tranquilidad del Parque Arv\u00ed, una reserva ecol\u00f3gica ubicada en las monta\u00f1as que rodean Medell\u00edn. Este parque, conocido por sus senderos llenos de flora y fauna aut\u00f3ctona, es el lugar perfecto para una escapada al aire libre. Disfruta de una caminata relajante por bosques nublados, cruza riachuelos cristalinos y descubre [&hellip;]<\/p>","protected":false},"featured_media":2403,"comment_status":"open","ping_status":"closed","template":"","meta":{"slim_seo":{"title":"parque arvi - medellin tour","description":"Sum\u00e9rgete en la naturaleza y la tranquilidad del Parque Arv\u00ed , una reserva ecol\u00f3gica ubicada en las monta\u00f1as que rodean Medell\u00edn. Este parque, conocido por sus"}},"product_brand":[],"product_cat":[15],"product_tag":[],"class_list":{"0":"post-1516","1":"product","2":"type-product","3":"status-publish","4":"has-post-thumbnail","6":"product_cat-sin-categorizar","8":"first","9":"instock","10":"taxable","11":"shipping-taxable","12":"purchasable","13":"product-type-simple"},"_links":{"self":[{"href":"https:\/\/medellintour.com.co\/en\/wp-json\/wp\/v2\/product\/1516","targetHints":{"allow":["GET"]}}],"collection":[{"href":"https:\/\/medellintour.com.co\/en\/wp-json\/wp\/v2\/product"}],"about":[{"href":"https:\/\/medellintour.com.co\/en\/wp-json\/wp\/v2\/types\/product"}],"replies":[{"embeddable":true,"href":"https:\/\/medellintour.com.co\/en\/wp-json\/wp\/v2\/comments?post=1516"}],"wp:featuredmedia":[{"embeddable":true,"href":"https:\/\/medellintour.com.co\/en\/wp-json\/wp\/v2\/media\/2403"}],"wp:attachment":[{"href":"https:\/\/medellintour.com.co\/en\/wp-json\/wp\/v2\/media?parent=1516"}],"wp:term":[{"taxonomy":"product_brand","embeddable":true,"href":"https:\/\/medellintour.com.co\/en\/wp-json\/wp\/v2\/product_brand?post=1516"},{"taxonomy":"product_cat","embeddable":true,"href":"https:\/\/medellintour.com.co\/en\/wp-json\/wp\/v2\/product_cat?post=1516"},{"taxonomy":"product_tag","embeddable":true,"href":"https:\/\/medellintour.com.co\/en\/wp-json\/wp\/v2\/product_tag?post=1516"}],"curies":[{"name":"wp","href":"https:\/\/api.w.org\/{rel}","templated":true}]}}