{"id":1517,"date":"2024-09-20T20:12:37","date_gmt":"2024-09-20T20:12:37","guid":{"rendered":"https:\/\/medellintour.com.co\/?post_type=product&#038;p=1517"},"modified":"2026-01-10T22:05:08","modified_gmt":"2026-01-11T03:05:08","slug":"dentro-de-medellin","status":"publish","type":"product","link":"https:\/\/medellintour.com.co\/en\/product\/dentro-de-medellin\/","title":{"rendered":"within medellin"},"content":{"rendered":"<p>Descubre el vibrante coraz\u00f3n de Medell\u00edn con este recorrido urbano que te llevar\u00e1 a explorar los principales puntos de inter\u00e9s hist\u00f3rico, cultural y arquitect\u00f3nico de la ciudad. Este tour te mostrar\u00e1 c\u00f3mo Medell\u00edn ha evolucionado de una ciudad industrial a una de las metr\u00f3polis m\u00e1s innovadoras y modernas de Latinoam\u00e9rica. Con un gu\u00eda local experto, te sumergir\u00e1s en la cultura paisa, conocer\u00e1s los principales hitos hist\u00f3ricos y disfrutar\u00e1s de los paisajes urbanos m\u00e1s impresionantes. Perfecto para quienes desean conocer la esencia de Medell\u00edn en un solo d\u00eda.<\/p>","protected":false},"excerpt":{"rendered":"<p>Descubre el vibrante coraz\u00f3n de Medell\u00edn con este recorrido urbano que te llevar\u00e1 a explorar los principales puntos de inter\u00e9s hist\u00f3rico, cultural y arquitect\u00f3nico de la ciudad. Este tour te mostrar\u00e1 c\u00f3mo Medell\u00edn ha evolucionado de una ciudad industrial a una de las metr\u00f3polis m\u00e1s innovadoras y modernas de Latinoam\u00e9rica. Con un gu\u00eda local experto, [&hellip;]<\/p>","protected":false},"featured_media":2402,"comment_status":"open","ping_status":"closed","template":"","meta":{"slim_seo":{"title":"dentro de medellin - medellin tour","description":"Descubre el vibrante coraz\u00f3n de Medell\u00edn con este recorrido urbano que te llevar\u00e1 a explorar los principales puntos de inter\u00e9s hist\u00f3rico, cultural y arquitect\u00f3n"}},"product_brand":[],"product_cat":[15],"product_tag":[],"class_list":{"0":"post-1517","1":"product","2":"type-product","3":"status-publish","4":"has-post-thumbnail","6":"product_cat-sin-categorizar","8":"first","9":"instock","10":"taxable","11":"shipping-taxable","12":"purchasable","13":"product-type-simple"},"_links":{"self":[{"href":"https:\/\/medellintour.com.co\/en\/wp-json\/wp\/v2\/product\/1517","targetHints":{"allow":["GET"]}}],"collection":[{"href":"https:\/\/medellintour.com.co\/en\/wp-json\/wp\/v2\/product"}],"about":[{"href":"https:\/\/medellintour.com.co\/en\/wp-json\/wp\/v2\/types\/product"}],"replies":[{"embeddable":true,"href":"https:\/\/medellintour.com.co\/en\/wp-json\/wp\/v2\/comments?post=1517"}],"wp:featuredmedia":[{"embeddable":true,"href":"https:\/\/medellintour.com.co\/en\/wp-json\/wp\/v2\/media\/2402"}],"wp:attachment":[{"href":"https:\/\/medellintour.com.co\/en\/wp-json\/wp\/v2\/media?parent=1517"}],"wp:term":[{"taxonomy":"product_brand","embeddable":true,"href":"https:\/\/medellintour.com.co\/en\/wp-json\/wp\/v2\/product_brand?post=1517"},{"taxonomy":"product_cat","embeddable":true,"href":"https:\/\/medellintour.com.co\/en\/wp-json\/wp\/v2\/product_cat?post=1517"},{"taxonomy":"product_tag","embeddable":true,"href":"https:\/\/medellintour.com.co\/en\/wp-json\/wp\/v2\/product_tag?post=1517"}],"curies":[{"name":"wp","href":"https:\/\/api.w.org\/{rel}","templated":true}]}}