{"id":1518,"date":"2024-09-20T20:13:07","date_gmt":"2024-09-20T20:13:07","guid":{"rendered":"https:\/\/medellintour.com.co\/?post_type=product&#038;p=1518"},"modified":"2026-03-11T13:40:02","modified_gmt":"2026-03-11T18:40:02","slug":"finca-de-las-flores-y-finca-cafetera","status":"publish","type":"product","link":"https:\/\/medellintour.com.co\/en\/product\/finca-de-las-flores-y-finca-cafetera\/","title":{"rendered":"Finca cafetera"},"content":{"rendered":"<p>Explora dos de las experiencias m\u00e1s aut\u00e9nticas de la regi\u00f3n antioque\u00f1a con este tour de <strong>coffee farm<\/strong>. Vive de cerca la magia detr\u00e1s de la producci\u00f3n\u00a0 del famoso caf\u00e9 colombiano. Sum\u00e9rgete en la cultura local, mientras paseas entre campos floridos y cafetales, y disfruta de una experiencia enriquecedora llena de aromas y colores. Este tour es perfecto para quienes desean conocer la tradici\u00f3n agr\u00edcola de Antioquia en su m\u00e1xima expresi\u00f3n.<\/p>","protected":false},"excerpt":{"rendered":"<p>Explora dos de las experiencias m\u00e1s aut\u00e9nticas de la regi\u00f3n antioque\u00f1a con este tour de finca cafetera. Vive de cerca la magia detr\u00e1s de la producci\u00f3n\u00a0 del famoso caf\u00e9 colombiano. Sum\u00e9rgete en la cultura local, mientras paseas entre campos floridos y cafetales, y disfruta de una experiencia enriquecedora llena de aromas y colores. Este tour [&hellip;]<\/p>","protected":false},"featured_media":2706,"comment_status":"open","ping_status":"closed","template":"","meta":{"slim_seo":{"title":"Finca cafetera - medellin tour","description":"Explora dos de las experiencias m\u00e1s aut\u00e9nticas de la regi\u00f3n antioque\u00f1a con este tour de finca cafetera . Vive de cerca la magia detr\u00e1s de la producci\u00f3n\u00a0 del fam"}},"product_brand":[],"product_cat":[15],"product_tag":[],"class_list":{"0":"post-1518","1":"product","2":"type-product","3":"status-publish","4":"has-post-thumbnail","6":"product_cat-sin-categorizar","8":"first","9":"instock","10":"taxable","11":"shipping-taxable","12":"purchasable","13":"product-type-simple"},"_links":{"self":[{"href":"https:\/\/medellintour.com.co\/en\/wp-json\/wp\/v2\/product\/1518","targetHints":{"allow":["GET"]}}],"collection":[{"href":"https:\/\/medellintour.com.co\/en\/wp-json\/wp\/v2\/product"}],"about":[{"href":"https:\/\/medellintour.com.co\/en\/wp-json\/wp\/v2\/types\/product"}],"replies":[{"embeddable":true,"href":"https:\/\/medellintour.com.co\/en\/wp-json\/wp\/v2\/comments?post=1518"}],"wp:featuredmedia":[{"embeddable":true,"href":"https:\/\/medellintour.com.co\/en\/wp-json\/wp\/v2\/media\/2706"}],"wp:attachment":[{"href":"https:\/\/medellintour.com.co\/en\/wp-json\/wp\/v2\/media?parent=1518"}],"wp:term":[{"taxonomy":"product_brand","embeddable":true,"href":"https:\/\/medellintour.com.co\/en\/wp-json\/wp\/v2\/product_brand?post=1518"},{"taxonomy":"product_cat","embeddable":true,"href":"https:\/\/medellintour.com.co\/en\/wp-json\/wp\/v2\/product_cat?post=1518"},{"taxonomy":"product_tag","embeddable":true,"href":"https:\/\/medellintour.com.co\/en\/wp-json\/wp\/v2\/product_tag?post=1518"}],"curies":[{"name":"wp","href":"https:\/\/api.w.org\/{rel}","templated":true}]}}