{"id":1522,"date":"2024-09-20T20:15:39","date_gmt":"2024-09-20T20:15:39","guid":{"rendered":"https:\/\/medellintour.com.co\/?post_type=product&#038;p=1522"},"modified":"2026-01-10T22:01:18","modified_gmt":"2026-01-11T03:01:18","slug":"santa-fe-de-antioquia","status":"publish","type":"product","link":"https:\/\/medellintour.com.co\/en\/product\/santa-fe-de-antioquia\/","title":{"rendered":"santa fe de antioquia"},"content":{"rendered":"","protected":false},"excerpt":{"rendered":"<p>Travel back in time and discover the rich colonial history of <strong>Santa Fe de Antioquia<\/strong>, la antigua capital del departamento de Antioquia. Fundada en 1541, este hermoso pueblo conserva su arquitectura colonial con calles empedradas, casonas de fachadas blancas y balcones de madera. En este tour, explorar\u00e1s la historia, cultura y tradiciones de uno de los destinos m\u00e1s importantes de la regi\u00f3n. Camina por sus plazas, visita iglesias hist\u00f3ricas y cruza el famoso Puente de Occidente, una obra maestra de la ingenier\u00eda del siglo XIX. Santa Fe de Antioquia es el lugar perfecto para los amantes de la historia y la arquitectura.<\/p>","protected":false},"featured_media":2400,"comment_status":"open","ping_status":"closed","template":"","meta":{"slim_seo":{"title":"santa fe de antioquia - medellin tour","description":"Viaja en el tiempo y descubre la rica historia colonial de Santa Fe de Antioquia , la antigua capital del departamento de Antioquia. Fundada en 1541, este hermo"}},"product_brand":[],"product_cat":[15],"product_tag":[],"class_list":{"0":"post-1522","1":"product","2":"type-product","3":"status-publish","4":"has-post-thumbnail","6":"product_cat-sin-categorizar","8":"first","9":"instock","10":"taxable","11":"shipping-taxable","12":"purchasable","13":"product-type-simple"},"_links":{"self":[{"href":"https:\/\/medellintour.com.co\/en\/wp-json\/wp\/v2\/product\/1522","targetHints":{"allow":["GET"]}}],"collection":[{"href":"https:\/\/medellintour.com.co\/en\/wp-json\/wp\/v2\/product"}],"about":[{"href":"https:\/\/medellintour.com.co\/en\/wp-json\/wp\/v2\/types\/product"}],"replies":[{"embeddable":true,"href":"https:\/\/medellintour.com.co\/en\/wp-json\/wp\/v2\/comments?post=1522"}],"wp:featuredmedia":[{"embeddable":true,"href":"https:\/\/medellintour.com.co\/en\/wp-json\/wp\/v2\/media\/2400"}],"wp:attachment":[{"href":"https:\/\/medellintour.com.co\/en\/wp-json\/wp\/v2\/media?parent=1522"}],"wp:term":[{"taxonomy":"product_brand","embeddable":true,"href":"https:\/\/medellintour.com.co\/en\/wp-json\/wp\/v2\/product_brand?post=1522"},{"taxonomy":"product_cat","embeddable":true,"href":"https:\/\/medellintour.com.co\/en\/wp-json\/wp\/v2\/product_cat?post=1522"},{"taxonomy":"product_tag","embeddable":true,"href":"https:\/\/medellintour.com.co\/en\/wp-json\/wp\/v2\/product_tag?post=1522"}],"curies":[{"name":"wp","href":"https:\/\/api.w.org\/{rel}","templated":true}]}}