{"id":1524,"date":"2024-09-20T20:16:29","date_gmt":"2024-09-20T20:16:29","guid":{"rendered":"https:\/\/medellintour.com.co\/?post_type=product&#038;p=1524"},"modified":"2026-01-10T13:01:55","modified_gmt":"2026-01-10T18:01:55","slug":"jardin-botanico-y-parque-explora","status":"publish","type":"product","link":"https:\/\/medellintour.com.co\/en\/product\/jardin-botanico-y-parque-explora\/","title":{"rendered":"botanical garden and parque explora"},"content":{"rendered":"","protected":false},"excerpt":{"rendered":"<p>Immerse yourself in the science and nature with this fascinating tour that combines two of the main attractions of Medell\u00edn: the <strong>Botanical Garden<\/strong> and the <strong>Parque Explora<\/strong>. En el Jard\u00edn Bot\u00e1nico, te maravillar\u00e1s con la vasta colecci\u00f3n de flora nativa y ex\u00f3tica de Colombia, mientras disfrutas de un tranquilo paseo por sus jardines tropicales y su famoso Orquideorama. Luego, en el Parque Explora, un centro interactivo de ciencia y tecnolog\u00eda, podr\u00e1s descubrir exposiciones emocionantes y visitar uno de los acuarios de agua dulce m\u00e1s grandes de Am\u00e9rica Latina. Ideal para familias, amantes de la naturaleza y curiosos por el conocimiento cient\u00edfico.<\/p>","protected":false},"featured_media":2395,"comment_status":"open","ping_status":"closed","template":"","meta":{"slim_seo":{"title":"jardin botanico y parque explora - medellin tour","description":"Sum\u00e9rgete en la ciencia y la naturaleza con este fascinante tour que combina dos de las principales atracciones de Medell\u00edn: el Jard\u00edn Bot\u00e1nico y el Parque Expl"}},"product_brand":[],"product_cat":[15],"product_tag":[],"class_list":{"0":"post-1524","1":"product","2":"type-product","3":"status-publish","4":"has-post-thumbnail","6":"product_cat-sin-categorizar","8":"first","9":"instock","10":"taxable","11":"shipping-taxable","12":"purchasable","13":"product-type-simple"},"_links":{"self":[{"href":"https:\/\/medellintour.com.co\/en\/wp-json\/wp\/v2\/product\/1524","targetHints":{"allow":["GET"]}}],"collection":[{"href":"https:\/\/medellintour.com.co\/en\/wp-json\/wp\/v2\/product"}],"about":[{"href":"https:\/\/medellintour.com.co\/en\/wp-json\/wp\/v2\/types\/product"}],"replies":[{"embeddable":true,"href":"https:\/\/medellintour.com.co\/en\/wp-json\/wp\/v2\/comments?post=1524"}],"wp:featuredmedia":[{"embeddable":true,"href":"https:\/\/medellintour.com.co\/en\/wp-json\/wp\/v2\/media\/2395"}],"wp:attachment":[{"href":"https:\/\/medellintour.com.co\/en\/wp-json\/wp\/v2\/media?parent=1524"}],"wp:term":[{"taxonomy":"product_brand","embeddable":true,"href":"https:\/\/medellintour.com.co\/en\/wp-json\/wp\/v2\/product_brand?post=1524"},{"taxonomy":"product_cat","embeddable":true,"href":"https:\/\/medellintour.com.co\/en\/wp-json\/wp\/v2\/product_cat?post=1524"},{"taxonomy":"product_tag","embeddable":true,"href":"https:\/\/medellintour.com.co\/en\/wp-json\/wp\/v2\/product_tag?post=1524"}],"curies":[{"name":"wp","href":"https:\/\/api.w.org\/{rel}","templated":true}]}}