{"id":1525,"date":"2024-09-20T20:18:31","date_gmt":"2024-09-20T20:18:31","guid":{"rendered":"https:\/\/medellintour.com.co\/?post_type=product&#038;p=1525"},"modified":"2025-01-08T12:21:22","modified_gmt":"2025-01-08T17:21:22","slug":"salto-taquendamita","status":"publish","type":"product","link":"https:\/\/medellintour.com.co\/en\/product\/salto-taquendamita\/","title":{"rendered":"jump taquendamita"},"content":{"rendered":"","protected":false},"excerpt":{"rendered":"<p>Live an unforgettable experience in the middle of nature by visiting the imposing <strong>Jump Taquendamita<\/strong>, una espectacular cascada ubicada en el municipio de El Retiro, a pocos kil\u00f3metros de Medell\u00edn. Este tour te llevar\u00e1 a trav\u00e9s de paisajes monta\u00f1osos, donde podr\u00e1s disfrutar de una caminata en un entorno natural, respirar aire puro y relajarte con el sonido del agua cayendo desde m\u00e1s de 20 metros de altura. Ideal para los amantes de la naturaleza y la aventura, este recorrido es una oportunidad perfecta para desconectarte de la ciudad y reconectar con la serenidad del campo antioque\u00f1o.<\/p>","protected":false},"featured_media":2396,"comment_status":"open","ping_status":"closed","template":"","meta":{"slim_seo":{"title":"salto taquendamita - medellin tour","description":"Vive una experiencia inolvidable en medio de la naturaleza visitando el imponente Salto Taquendamita , una espectacular cascada ubicada en el municipio de El Re"}},"product_brand":[],"product_cat":[15],"product_tag":[],"class_list":{"0":"post-1525","1":"product","2":"type-product","3":"status-publish","4":"has-post-thumbnail","6":"product_cat-sin-categorizar","8":"first","9":"instock","10":"taxable","11":"shipping-taxable","12":"purchasable","13":"product-type-simple"},"_links":{"self":[{"href":"https:\/\/medellintour.com.co\/en\/wp-json\/wp\/v2\/product\/1525","targetHints":{"allow":["GET"]}}],"collection":[{"href":"https:\/\/medellintour.com.co\/en\/wp-json\/wp\/v2\/product"}],"about":[{"href":"https:\/\/medellintour.com.co\/en\/wp-json\/wp\/v2\/types\/product"}],"replies":[{"embeddable":true,"href":"https:\/\/medellintour.com.co\/en\/wp-json\/wp\/v2\/comments?post=1525"}],"wp:featuredmedia":[{"embeddable":true,"href":"https:\/\/medellintour.com.co\/en\/wp-json\/wp\/v2\/media\/2396"}],"wp:attachment":[{"href":"https:\/\/medellintour.com.co\/en\/wp-json\/wp\/v2\/media?parent=1525"}],"wp:term":[{"taxonomy":"product_brand","embeddable":true,"href":"https:\/\/medellintour.com.co\/en\/wp-json\/wp\/v2\/product_brand?post=1525"},{"taxonomy":"product_cat","embeddable":true,"href":"https:\/\/medellintour.com.co\/en\/wp-json\/wp\/v2\/product_cat?post=1525"},{"taxonomy":"product_tag","embeddable":true,"href":"https:\/\/medellintour.com.co\/en\/wp-json\/wp\/v2\/product_tag?post=1525"}],"curies":[{"name":"wp","href":"https:\/\/api.w.org\/{rel}","templated":true}]}}