{"id":1526,"date":"2024-09-20T20:19:04","date_gmt":"2024-09-20T20:19:04","guid":{"rendered":"https:\/\/medellintour.com.co\/?post_type=product&#038;p=1526"},"modified":"2026-02-09T11:30:20","modified_gmt":"2026-02-09T16:30:20","slug":"salento-y-valle-del-cocora","status":"publish","type":"product","link":"https:\/\/medellintour.com.co\/en\/product\/salento-y-valle-del-cocora\/","title":{"rendered":"salento&#039;s valle del cocora"},"content":{"rendered":"","protected":false},"excerpt":{"rendered":"<p>Descubre la belleza natural de la regi\u00f3n cafetera de Colombia con este espectacular tour a Salento y el ic\u00f3nico Valle del Cocora. Salento, un pintoresco pueblo con arquitectura colonial, es la puerta de entrada a uno de los paisajes m\u00e1s impresionantes del pa\u00eds: el Valle del Cocora, hogar de las majestuosas palmas de cera, el \u00e1rbol nacional de Colombia. Durante este recorrido, vivir\u00e1s una experiencia \u00fanica rodeado de monta\u00f1as, naturaleza exuberante y cultura cafetera. Adem\u00e1s, tendr\u00e1s la oportunidad de explorar plantaciones de caf\u00e9 y conocer el proceso detr\u00e1s de uno de los mejores caf\u00e9s del mundo.<\/p>","protected":false},"featured_media":2397,"comment_status":"open","ping_status":"closed","template":"","meta":{"slim_seo":{"title":"salento y valle del cocora - medellin tour","description":"Descubre la belleza natural de la regi\u00f3n cafetera de Colombia con este espectacular tour a Salento y el ic\u00f3nico Valle del Cocora. Salento, un pintoresco pueblo"}},"product_brand":[],"product_cat":[15],"product_tag":[],"class_list":{"0":"post-1526","1":"product","2":"type-product","3":"status-publish","4":"has-post-thumbnail","6":"product_cat-sin-categorizar","8":"first","9":"instock","10":"taxable","11":"shipping-taxable","12":"purchasable","13":"product-type-simple"},"_links":{"self":[{"href":"https:\/\/medellintour.com.co\/en\/wp-json\/wp\/v2\/product\/1526","targetHints":{"allow":["GET"]}}],"collection":[{"href":"https:\/\/medellintour.com.co\/en\/wp-json\/wp\/v2\/product"}],"about":[{"href":"https:\/\/medellintour.com.co\/en\/wp-json\/wp\/v2\/types\/product"}],"replies":[{"embeddable":true,"href":"https:\/\/medellintour.com.co\/en\/wp-json\/wp\/v2\/comments?post=1526"}],"wp:featuredmedia":[{"embeddable":true,"href":"https:\/\/medellintour.com.co\/en\/wp-json\/wp\/v2\/media\/2397"}],"wp:attachment":[{"href":"https:\/\/medellintour.com.co\/en\/wp-json\/wp\/v2\/media?parent=1526"}],"wp:term":[{"taxonomy":"product_brand","embeddable":true,"href":"https:\/\/medellintour.com.co\/en\/wp-json\/wp\/v2\/product_brand?post=1526"},{"taxonomy":"product_cat","embeddable":true,"href":"https:\/\/medellintour.com.co\/en\/wp-json\/wp\/v2\/product_cat?post=1526"},{"taxonomy":"product_tag","embeddable":true,"href":"https:\/\/medellintour.com.co\/en\/wp-json\/wp\/v2\/product_tag?post=1526"}],"curies":[{"name":"wp","href":"https:\/\/api.w.org\/{rel}","templated":true}]}}